{"id":2577,"date":"2024-08-23T09:06:19","date_gmt":"2024-08-23T09:06:19","guid":{"rendered":"https:\/\/bepthoatran.com\/?post_type=product&#038;p=2577"},"modified":"2024-08-23T09:06:19","modified_gmt":"2024-08-23T09:06:19","slug":"sen-da-trai-tim","status":"publish","type":"product","link":"https:\/\/bepthoatran.com\/?product=sen-da-trai-tim","title":{"rendered":"Sen \u0111\u00e1 tr\u00e1i tim"},"content":{"rendered":"<p><img loading=\"lazy\" decoding=\"async\" src=\"https:\/\/bepthoatran.com\/wp-content\/uploads\/2024\/08\/z5569259739548_0e48c532caa65a90be44f12cd71cc958.jpg\" alt=\"\" width=\"1348\" height=\"1800\" class=\"aligncenter size-full wp-image-2576\" srcset=\"https:\/\/bepthoatran.com\/wp-content\/uploads\/2024\/08\/z5569259739548_0e48c532caa65a90be44f12cd71cc958.jpg 1348w, https:\/\/bepthoatran.com\/wp-content\/uploads\/2024\/08\/z5569259739548_0e48c532caa65a90be44f12cd71cc958-225x300.jpg 225w, https:\/\/bepthoatran.com\/wp-content\/uploads\/2024\/08\/z5569259739548_0e48c532caa65a90be44f12cd71cc958-767x1024.jpg 767w, https:\/\/bepthoatran.com\/wp-content\/uploads\/2024\/08\/z5569259739548_0e48c532caa65a90be44f12cd71cc958-768x1026.jpg 768w, https:\/\/bepthoatran.com\/wp-content\/uploads\/2024\/08\/z5569259739548_0e48c532caa65a90be44f12cd71cc958-1150x1536.jpg 1150w, https:\/\/bepthoatran.com\/wp-content\/uploads\/2024\/08\/z5569259739548_0e48c532caa65a90be44f12cd71cc958-300x400.jpg 300w, https:\/\/bepthoatran.com\/wp-content\/uploads\/2024\/08\/z5569259739548_0e48c532caa65a90be44f12cd71cc958-600x801.jpg 600w\" sizes=\"auto, (max-width: 1348px) 100vw, 1348px\" \/><\/p>\n","protected":false},"excerpt":{"rendered":"","protected":false},"featured_media":0,"comment_status":"open","ping_status":"closed","template":"","meta":[],"product_brand":[],"product_cat":[58],"product_tag":[],"class_list":{"0":"post-2577","1":"product","2":"type-product","3":"status-publish","5":"product_cat-nam","7":"first","8":"instock","9":"shipping-taxable","10":"product-type-simple"},"yoast_head":"<!-- This site is optimized with the Yoast SEO plugin v27.4 - https:\/\/yoast.com\/product\/yoast-seo-wordpress\/ -->\n<title>Sen \u0111\u00e1 tr\u00e1i tim - B\u00e1nh rau c\u00e2u sinh nh\u1eadt<\/title>\n<meta name=\"robots\" content=\"index, follow, max-snippet:-1, max-image-preview:large, max-video-preview:-1\" \/>\n<link rel=\"canonical\" href=\"https:\/\/bepthoatran.com\/?product=sen-da-trai-tim\" \/>\n<meta property=\"og:locale\" content=\"vi_VN\" \/>\n<meta property=\"og:type\" content=\"article\" \/>\n<meta property=\"og:title\" content=\"Sen \u0111\u00e1 tr\u00e1i tim - B\u00e1nh rau c\u00e2u sinh nh\u1eadt\" \/>\n<meta property=\"og:url\" content=\"https:\/\/bepthoatran.com\/?product=sen-da-trai-tim\" \/>\n<meta property=\"og:site_name\" content=\"B\u00e1nh rau c\u00e2u sinh nh\u1eadt\" \/>\n<meta property=\"og:image\" content=\"https:\/\/bepthoatran.com\/wp-content\/uploads\/2024\/08\/z5569259739548_0e48c532caa65a90be44f12cd71cc958.jpg\" \/>\n<meta name=\"twitter:card\" content=\"summary_large_image\" \/>\n<script type=\"application\/ld+json\" class=\"yoast-schema-graph\">{\"@context\":\"https:\\\/\\\/schema.org\",\"@graph\":[{\"@type\":\"WebPage\",\"@id\":\"https:\\\/\\\/bepthoatran.com\\\/?product=sen-da-trai-tim\",\"url\":\"https:\\\/\\\/bepthoatran.com\\\/?product=sen-da-trai-tim\",\"name\":\"Sen \u0111\u00e1 tr\u00e1i tim - B\u00e1nh rau c\u00e2u sinh nh\u1eadt\",\"isPartOf\":{\"@id\":\"https:\\\/\\\/bepthoatran.com\\\/#website\"},\"primaryImageOfPage\":{\"@id\":\"https:\\\/\\\/bepthoatran.com\\\/?product=sen-da-trai-tim#primaryimage\"},\"image\":{\"@id\":\"https:\\\/\\\/bepthoatran.com\\\/?product=sen-da-trai-tim#primaryimage\"},\"thumbnailUrl\":\"https:\\\/\\\/bepthoatran.com\\\/wp-content\\\/uploads\\\/2024\\\/08\\\/z5569259739548_0e48c532caa65a90be44f12cd71cc958.jpg\",\"datePublished\":\"2024-08-23T09:06:19+00:00\",\"breadcrumb\":{\"@id\":\"https:\\\/\\\/bepthoatran.com\\\/?product=sen-da-trai-tim#breadcrumb\"},\"inLanguage\":\"vi\",\"potentialAction\":[{\"@type\":\"ReadAction\",\"target\":[\"https:\\\/\\\/bepthoatran.com\\\/?product=sen-da-trai-tim\"]}]},{\"@type\":\"ImageObject\",\"inLanguage\":\"vi\",\"@id\":\"https:\\\/\\\/bepthoatran.com\\\/?product=sen-da-trai-tim#primaryimage\",\"url\":\"https:\\\/\\\/bepthoatran.com\\\/wp-content\\\/uploads\\\/2024\\\/08\\\/z5569259739548_0e48c532caa65a90be44f12cd71cc958.jpg\",\"contentUrl\":\"https:\\\/\\\/bepthoatran.com\\\/wp-content\\\/uploads\\\/2024\\\/08\\\/z5569259739548_0e48c532caa65a90be44f12cd71cc958.jpg\",\"width\":1348,\"height\":1800},{\"@type\":\"BreadcrumbList\",\"@id\":\"https:\\\/\\\/bepthoatran.com\\\/?product=sen-da-trai-tim#breadcrumb\",\"itemListElement\":[{\"@type\":\"ListItem\",\"position\":1,\"name\":\"Trang ch\u1ee7\",\"item\":\"https:\\\/\\\/bepthoatran.com\\\/\"},{\"@type\":\"ListItem\",\"position\":2,\"name\":\"S\u1ea3n ph\u1ea9m\",\"item\":\"https:\\\/\\\/bepthoatran.com\\\/?post_type=product\"},{\"@type\":\"ListItem\",\"position\":3,\"name\":\"Sen \u0111\u00e1 tr\u00e1i tim\"}]},{\"@type\":\"WebSite\",\"@id\":\"https:\\\/\\\/bepthoatran.com\\\/#website\",\"url\":\"https:\\\/\\\/bepthoatran.com\\\/\",\"name\":\"B\u00e1nh rau c\u00e2u sinh nh\u1eadt\",\"description\":\"\u1ea8m th\u1ef1c\",\"publisher\":{\"@id\":\"https:\\\/\\\/bepthoatran.com\\\/#organization\"},\"potentialAction\":[{\"@type\":\"SearchAction\",\"target\":{\"@type\":\"EntryPoint\",\"urlTemplate\":\"https:\\\/\\\/bepthoatran.com\\\/?s={search_term_string}\"},\"query-input\":{\"@type\":\"PropertyValueSpecification\",\"valueRequired\":true,\"valueName\":\"search_term_string\"}}],\"inLanguage\":\"vi\"},{\"@type\":\"Organization\",\"@id\":\"https:\\\/\\\/bepthoatran.com\\\/#organization\",\"name\":\"B\u00e1nh rau c\u00e2u sinh nh\u1eadt\",\"url\":\"https:\\\/\\\/bepthoatran.com\\\/\",\"logo\":{\"@type\":\"ImageObject\",\"inLanguage\":\"vi\",\"@id\":\"https:\\\/\\\/bepthoatran.com\\\/#\\\/schema\\\/logo\\\/image\\\/\",\"url\":\"https:\\\/\\\/bepthoatran.com\\\/wp-content\\\/uploads\\\/2024\\\/04\\\/cropped-cropped-cropped-430656337_795631715921571_8820995996791937526_n.jpg\",\"contentUrl\":\"https:\\\/\\\/bepthoatran.com\\\/wp-content\\\/uploads\\\/2024\\\/04\\\/cropped-cropped-cropped-430656337_795631715921571_8820995996791937526_n.jpg\",\"width\":958,\"height\":434,\"caption\":\"B\u00e1nh rau c\u00e2u sinh nh\u1eadt \"},\"image\":{\"@id\":\"https:\\\/\\\/bepthoatran.com\\\/#\\\/schema\\\/logo\\\/image\\\/\"}}]}<\/script>\n<!-- \/ Yoast SEO plugin. -->","yoast_head_json":{"title":"Sen \u0111\u00e1 tr\u00e1i tim - B\u00e1nh rau c\u00e2u sinh nh\u1eadt","robots":{"index":"index","follow":"follow","max-snippet":"max-snippet:-1","max-image-preview":"max-image-preview:large","max-video-preview":"max-video-preview:-1"},"canonical":"https:\/\/bepthoatran.com\/?product=sen-da-trai-tim","og_locale":"vi_VN","og_type":"article","og_title":"Sen \u0111\u00e1 tr\u00e1i tim - B\u00e1nh rau c\u00e2u sinh nh\u1eadt","og_url":"https:\/\/bepthoatran.com\/?product=sen-da-trai-tim","og_site_name":"B\u00e1nh rau c\u00e2u sinh nh\u1eadt","og_image":[{"url":"https:\/\/bepthoatran.com\/wp-content\/uploads\/2024\/08\/z5569259739548_0e48c532caa65a90be44f12cd71cc958.jpg","type":"","width":"","height":""}],"twitter_card":"summary_large_image","schema":{"@context":"https:\/\/schema.org","@graph":[{"@type":"WebPage","@id":"https:\/\/bepthoatran.com\/?product=sen-da-trai-tim","url":"https:\/\/bepthoatran.com\/?product=sen-da-trai-tim","name":"Sen \u0111\u00e1 tr\u00e1i tim - B\u00e1nh rau c\u00e2u sinh nh\u1eadt","isPartOf":{"@id":"https:\/\/bepthoatran.com\/#website"},"primaryImageOfPage":{"@id":"https:\/\/bepthoatran.com\/?product=sen-da-trai-tim#primaryimage"},"image":{"@id":"https:\/\/bepthoatran.com\/?product=sen-da-trai-tim#primaryimage"},"thumbnailUrl":"https:\/\/bepthoatran.com\/wp-content\/uploads\/2024\/08\/z5569259739548_0e48c532caa65a90be44f12cd71cc958.jpg","datePublished":"2024-08-23T09:06:19+00:00","breadcrumb":{"@id":"https:\/\/bepthoatran.com\/?product=sen-da-trai-tim#breadcrumb"},"inLanguage":"vi","potentialAction":[{"@type":"ReadAction","target":["https:\/\/bepthoatran.com\/?product=sen-da-trai-tim"]}]},{"@type":"ImageObject","inLanguage":"vi","@id":"https:\/\/bepthoatran.com\/?product=sen-da-trai-tim#primaryimage","url":"https:\/\/bepthoatran.com\/wp-content\/uploads\/2024\/08\/z5569259739548_0e48c532caa65a90be44f12cd71cc958.jpg","contentUrl":"https:\/\/bepthoatran.com\/wp-content\/uploads\/2024\/08\/z5569259739548_0e48c532caa65a90be44f12cd71cc958.jpg","width":1348,"height":1800},{"@type":"BreadcrumbList","@id":"https:\/\/bepthoatran.com\/?product=sen-da-trai-tim#breadcrumb","itemListElement":[{"@type":"ListItem","position":1,"name":"Trang ch\u1ee7","item":"https:\/\/bepthoatran.com\/"},{"@type":"ListItem","position":2,"name":"S\u1ea3n ph\u1ea9m","item":"https:\/\/bepthoatran.com\/?post_type=product"},{"@type":"ListItem","position":3,"name":"Sen \u0111\u00e1 tr\u00e1i tim"}]},{"@type":"WebSite","@id":"https:\/\/bepthoatran.com\/#website","url":"https:\/\/bepthoatran.com\/","name":"B\u00e1nh rau c\u00e2u sinh nh\u1eadt","description":"\u1ea8m th\u1ef1c","publisher":{"@id":"https:\/\/bepthoatran.com\/#organization"},"potentialAction":[{"@type":"SearchAction","target":{"@type":"EntryPoint","urlTemplate":"https:\/\/bepthoatran.com\/?s={search_term_string}"},"query-input":{"@type":"PropertyValueSpecification","valueRequired":true,"valueName":"search_term_string"}}],"inLanguage":"vi"},{"@type":"Organization","@id":"https:\/\/bepthoatran.com\/#organization","name":"B\u00e1nh rau c\u00e2u sinh nh\u1eadt","url":"https:\/\/bepthoatran.com\/","logo":{"@type":"ImageObject","inLanguage":"vi","@id":"https:\/\/bepthoatran.com\/#\/schema\/logo\/image\/","url":"https:\/\/bepthoatran.com\/wp-content\/uploads\/2024\/04\/cropped-cropped-cropped-430656337_795631715921571_8820995996791937526_n.jpg","contentUrl":"https:\/\/bepthoatran.com\/wp-content\/uploads\/2024\/04\/cropped-cropped-cropped-430656337_795631715921571_8820995996791937526_n.jpg","width":958,"height":434,"caption":"B\u00e1nh rau c\u00e2u sinh nh\u1eadt "},"image":{"@id":"https:\/\/bepthoatran.com\/#\/schema\/logo\/image\/"}}]}},"_links":{"self":[{"href":"https:\/\/bepthoatran.com\/index.php?rest_route=\/wp\/v2\/product\/2577","targetHints":{"allow":["GET"]}}],"collection":[{"href":"https:\/\/bepthoatran.com\/index.php?rest_route=\/wp\/v2\/product"}],"about":[{"href":"https:\/\/bepthoatran.com\/index.php?rest_route=\/wp\/v2\/types\/product"}],"replies":[{"embeddable":true,"href":"https:\/\/bepthoatran.com\/index.php?rest_route=%2Fwp%2Fv2%2Fcomments&post=2577"}],"wp:attachment":[{"href":"https:\/\/bepthoatran.com\/index.php?rest_route=%2Fwp%2Fv2%2Fmedia&parent=2577"}],"wp:term":[{"taxonomy":"product_brand","embeddable":true,"href":"https:\/\/bepthoatran.com\/index.php?rest_route=%2Fwp%2Fv2%2Fproduct_brand&post=2577"},{"taxonomy":"product_cat","embeddable":true,"href":"https:\/\/bepthoatran.com\/index.php?rest_route=%2Fwp%2Fv2%2Fproduct_cat&post=2577"},{"taxonomy":"product_tag","embeddable":true,"href":"https:\/\/bepthoatran.com\/index.php?rest_route=%2Fwp%2Fv2%2Fproduct_tag&post=2577"}],"curies":[{"name":"wp","href":"https:\/\/api.w.org\/{rel}","templated":true}]}}