{"id":2320,"date":"2024-06-28T22:46:12","date_gmt":"2024-06-28T22:46:12","guid":{"rendered":"https:\/\/bepthoatran.com\/?post_type=product&#038;p=2320"},"modified":"2024-07-03T15:02:11","modified_gmt":"2024-07-03T15:02:11","slug":"bansh-hoa-sen-20cm","status":"publish","type":"product","link":"https:\/\/bepthoatran.com\/?product=bansh-hoa-sen-20cm","title":{"rendered":"B\u00e1nh c\u00f4 g\u00e1i xanh b\u01a1 18cm"},"content":{"rendered":"<p>src=&#8221;https:\/\/bepthoatran.com\/wp-content\/uploads\/2024\/06\/IMG_8583.jpeg&#8221; alt=&#8221;&#8221; width=&#8221;1179&#8243; height=&#8221;1392&#8243; class=&#8221;aligncenter size-full wp-image-2319&#8243; \/&gt;<\/p>\n","protected":false},"excerpt":{"rendered":"<p>src=&#8221;https:\/\/bepthoatran.com\/wp-content\/uploads\/2024\/06\/IMG_8583.jpeg&#8221; alt=&#8221;&#8221; width=&#8221;1179&#8243; height=&#8221;1392&#8243; class=&#8221;aligncenter size-full wp-image-2319&#8243; \/&gt;<\/p>\n","protected":false},"featured_media":2324,"comment_status":"open","ping_status":"closed","template":"","meta":[],"product_brand":[],"product_cat":[59],"product_tag":[],"class_list":{"0":"post-2320","1":"product","2":"type-product","3":"status-publish","4":"has-post-thumbnail","6":"product_cat-nu","8":"first","9":"instock","10":"shipping-taxable","11":"product-type-simple"},"yoast_head":"<!-- This site is optimized with the Yoast SEO plugin v27.3 - https:\/\/yoast.com\/product\/yoast-seo-wordpress\/ -->\n<title>B\u00e1nh c\u00f4 g\u00e1i xanh b\u01a1 18cm - B\u00e1nh rau c\u00e2u sinh nh\u1eadt<\/title>\n<meta name=\"robots\" content=\"index, follow, max-snippet:-1, max-image-preview:large, max-video-preview:-1\" \/>\n<link rel=\"canonical\" href=\"https:\/\/bepthoatran.com\/?product=bansh-hoa-sen-20cm\" \/>\n<meta property=\"og:locale\" content=\"vi_VN\" \/>\n<meta property=\"og:type\" content=\"article\" \/>\n<meta property=\"og:title\" content=\"B\u00e1nh c\u00f4 g\u00e1i xanh b\u01a1 18cm - B\u00e1nh rau c\u00e2u sinh nh\u1eadt\" \/>\n<meta property=\"og:description\" content=\"src=&#8221;https:\/\/bepthoatran.com\/wp-content\/uploads\/2024\/06\/IMG_8583.jpeg&#8221; alt=&#8221;&#8221; width=&#8221;1179&#8243; height=&#8221;1392&#8243; class=&#8221;aligncenter size-full wp-image-2319&#8243; \/&gt;\" \/>\n<meta property=\"og:url\" content=\"https:\/\/bepthoatran.com\/?product=bansh-hoa-sen-20cm\" \/>\n<meta property=\"og:site_name\" content=\"B\u00e1nh rau c\u00e2u sinh nh\u1eadt\" \/>\n<meta property=\"article:modified_time\" content=\"2024-07-03T15:02:11+00:00\" \/>\n<meta property=\"og:image\" content=\"https:\/\/bepthoatran.com\/wp-content\/uploads\/2024\/06\/IMG_9245.jpeg\" \/>\n\t<meta property=\"og:image:width\" content=\"1350\" \/>\n\t<meta property=\"og:image:height\" content=\"1800\" \/>\n\t<meta property=\"og:image:type\" content=\"image\/jpeg\" \/>\n<meta name=\"twitter:card\" content=\"summary_large_image\" \/>\n<meta name=\"twitter:label1\" content=\"\u01af\u1edbc t\u00ednh th\u1eddi gian \u0111\u1ecdc\" \/>\n\t<meta name=\"twitter:data1\" content=\"1 ph\u00fat\" \/>\n<script type=\"application\/ld+json\" class=\"yoast-schema-graph\">{\"@context\":\"https:\\\/\\\/schema.org\",\"@graph\":[{\"@type\":\"WebPage\",\"@id\":\"https:\\\/\\\/bepthoatran.com\\\/?product=bansh-hoa-sen-20cm\",\"url\":\"https:\\\/\\\/bepthoatran.com\\\/?product=bansh-hoa-sen-20cm\",\"name\":\"B\u00e1nh c\u00f4 g\u00e1i xanh b\u01a1 18cm - B\u00e1nh rau c\u00e2u sinh nh\u1eadt\",\"isPartOf\":{\"@id\":\"https:\\\/\\\/bepthoatran.com\\\/#website\"},\"primaryImageOfPage\":{\"@id\":\"https:\\\/\\\/bepthoatran.com\\\/?product=bansh-hoa-sen-20cm#primaryimage\"},\"image\":{\"@id\":\"https:\\\/\\\/bepthoatran.com\\\/?product=bansh-hoa-sen-20cm#primaryimage\"},\"thumbnailUrl\":\"https:\\\/\\\/bepthoatran.com\\\/wp-content\\\/uploads\\\/2024\\\/06\\\/IMG_9245.jpeg\",\"datePublished\":\"2024-06-28T22:46:12+00:00\",\"dateModified\":\"2024-07-03T15:02:11+00:00\",\"breadcrumb\":{\"@id\":\"https:\\\/\\\/bepthoatran.com\\\/?product=bansh-hoa-sen-20cm#breadcrumb\"},\"inLanguage\":\"vi\",\"potentialAction\":[{\"@type\":\"ReadAction\",\"target\":[\"https:\\\/\\\/bepthoatran.com\\\/?product=bansh-hoa-sen-20cm\"]}]},{\"@type\":\"ImageObject\",\"inLanguage\":\"vi\",\"@id\":\"https:\\\/\\\/bepthoatran.com\\\/?product=bansh-hoa-sen-20cm#primaryimage\",\"url\":\"https:\\\/\\\/bepthoatran.com\\\/wp-content\\\/uploads\\\/2024\\\/06\\\/IMG_9245.jpeg\",\"contentUrl\":\"https:\\\/\\\/bepthoatran.com\\\/wp-content\\\/uploads\\\/2024\\\/06\\\/IMG_9245.jpeg\",\"width\":1350,\"height\":1800},{\"@type\":\"BreadcrumbList\",\"@id\":\"https:\\\/\\\/bepthoatran.com\\\/?product=bansh-hoa-sen-20cm#breadcrumb\",\"itemListElement\":[{\"@type\":\"ListItem\",\"position\":1,\"name\":\"Trang ch\u1ee7\",\"item\":\"https:\\\/\\\/bepthoatran.com\\\/\"},{\"@type\":\"ListItem\",\"position\":2,\"name\":\"S\u1ea3n ph\u1ea9m\",\"item\":\"https:\\\/\\\/bepthoatran.com\\\/?post_type=product\"},{\"@type\":\"ListItem\",\"position\":3,\"name\":\"B\u00e1nh c\u00f4 g\u00e1i xanh b\u01a1 18cm\"}]},{\"@type\":\"WebSite\",\"@id\":\"https:\\\/\\\/bepthoatran.com\\\/#website\",\"url\":\"https:\\\/\\\/bepthoatran.com\\\/\",\"name\":\"B\u00e1nh rau c\u00e2u sinh nh\u1eadt\",\"description\":\"\u1ea8m th\u1ef1c\",\"publisher\":{\"@id\":\"https:\\\/\\\/bepthoatran.com\\\/#organization\"},\"potentialAction\":[{\"@type\":\"SearchAction\",\"target\":{\"@type\":\"EntryPoint\",\"urlTemplate\":\"https:\\\/\\\/bepthoatran.com\\\/?s={search_term_string}\"},\"query-input\":{\"@type\":\"PropertyValueSpecification\",\"valueRequired\":true,\"valueName\":\"search_term_string\"}}],\"inLanguage\":\"vi\"},{\"@type\":\"Organization\",\"@id\":\"https:\\\/\\\/bepthoatran.com\\\/#organization\",\"name\":\"B\u00e1nh rau c\u00e2u sinh nh\u1eadt\",\"url\":\"https:\\\/\\\/bepthoatran.com\\\/\",\"logo\":{\"@type\":\"ImageObject\",\"inLanguage\":\"vi\",\"@id\":\"https:\\\/\\\/bepthoatran.com\\\/#\\\/schema\\\/logo\\\/image\\\/\",\"url\":\"https:\\\/\\\/bepthoatran.com\\\/wp-content\\\/uploads\\\/2024\\\/04\\\/cropped-cropped-cropped-430656337_795631715921571_8820995996791937526_n.jpg\",\"contentUrl\":\"https:\\\/\\\/bepthoatran.com\\\/wp-content\\\/uploads\\\/2024\\\/04\\\/cropped-cropped-cropped-430656337_795631715921571_8820995996791937526_n.jpg\",\"width\":958,\"height\":434,\"caption\":\"B\u00e1nh rau c\u00e2u sinh nh\u1eadt \"},\"image\":{\"@id\":\"https:\\\/\\\/bepthoatran.com\\\/#\\\/schema\\\/logo\\\/image\\\/\"}}]}<\/script>\n<!-- \/ Yoast SEO plugin. -->","yoast_head_json":{"title":"B\u00e1nh c\u00f4 g\u00e1i xanh b\u01a1 18cm - B\u00e1nh rau c\u00e2u sinh nh\u1eadt","robots":{"index":"index","follow":"follow","max-snippet":"max-snippet:-1","max-image-preview":"max-image-preview:large","max-video-preview":"max-video-preview:-1"},"canonical":"https:\/\/bepthoatran.com\/?product=bansh-hoa-sen-20cm","og_locale":"vi_VN","og_type":"article","og_title":"B\u00e1nh c\u00f4 g\u00e1i xanh b\u01a1 18cm - B\u00e1nh rau c\u00e2u sinh nh\u1eadt","og_description":"src=&#8221;https:\/\/bepthoatran.com\/wp-content\/uploads\/2024\/06\/IMG_8583.jpeg&#8221; alt=&#8221;&#8221; width=&#8221;1179&#8243; height=&#8221;1392&#8243; class=&#8221;aligncenter size-full wp-image-2319&#8243; \/&gt;","og_url":"https:\/\/bepthoatran.com\/?product=bansh-hoa-sen-20cm","og_site_name":"B\u00e1nh rau c\u00e2u sinh nh\u1eadt","article_modified_time":"2024-07-03T15:02:11+00:00","og_image":[{"width":1350,"height":1800,"url":"https:\/\/bepthoatran.com\/wp-content\/uploads\/2024\/06\/IMG_9245.jpeg","type":"image\/jpeg"}],"twitter_card":"summary_large_image","twitter_misc":{"\u01af\u1edbc t\u00ednh th\u1eddi gian \u0111\u1ecdc":"1 ph\u00fat"},"schema":{"@context":"https:\/\/schema.org","@graph":[{"@type":"WebPage","@id":"https:\/\/bepthoatran.com\/?product=bansh-hoa-sen-20cm","url":"https:\/\/bepthoatran.com\/?product=bansh-hoa-sen-20cm","name":"B\u00e1nh c\u00f4 g\u00e1i xanh b\u01a1 18cm - B\u00e1nh rau c\u00e2u sinh nh\u1eadt","isPartOf":{"@id":"https:\/\/bepthoatran.com\/#website"},"primaryImageOfPage":{"@id":"https:\/\/bepthoatran.com\/?product=bansh-hoa-sen-20cm#primaryimage"},"image":{"@id":"https:\/\/bepthoatran.com\/?product=bansh-hoa-sen-20cm#primaryimage"},"thumbnailUrl":"https:\/\/bepthoatran.com\/wp-content\/uploads\/2024\/06\/IMG_9245.jpeg","datePublished":"2024-06-28T22:46:12+00:00","dateModified":"2024-07-03T15:02:11+00:00","breadcrumb":{"@id":"https:\/\/bepthoatran.com\/?product=bansh-hoa-sen-20cm#breadcrumb"},"inLanguage":"vi","potentialAction":[{"@type":"ReadAction","target":["https:\/\/bepthoatran.com\/?product=bansh-hoa-sen-20cm"]}]},{"@type":"ImageObject","inLanguage":"vi","@id":"https:\/\/bepthoatran.com\/?product=bansh-hoa-sen-20cm#primaryimage","url":"https:\/\/bepthoatran.com\/wp-content\/uploads\/2024\/06\/IMG_9245.jpeg","contentUrl":"https:\/\/bepthoatran.com\/wp-content\/uploads\/2024\/06\/IMG_9245.jpeg","width":1350,"height":1800},{"@type":"BreadcrumbList","@id":"https:\/\/bepthoatran.com\/?product=bansh-hoa-sen-20cm#breadcrumb","itemListElement":[{"@type":"ListItem","position":1,"name":"Trang ch\u1ee7","item":"https:\/\/bepthoatran.com\/"},{"@type":"ListItem","position":2,"name":"S\u1ea3n ph\u1ea9m","item":"https:\/\/bepthoatran.com\/?post_type=product"},{"@type":"ListItem","position":3,"name":"B\u00e1nh c\u00f4 g\u00e1i xanh b\u01a1 18cm"}]},{"@type":"WebSite","@id":"https:\/\/bepthoatran.com\/#website","url":"https:\/\/bepthoatran.com\/","name":"B\u00e1nh rau c\u00e2u sinh nh\u1eadt","description":"\u1ea8m th\u1ef1c","publisher":{"@id":"https:\/\/bepthoatran.com\/#organization"},"potentialAction":[{"@type":"SearchAction","target":{"@type":"EntryPoint","urlTemplate":"https:\/\/bepthoatran.com\/?s={search_term_string}"},"query-input":{"@type":"PropertyValueSpecification","valueRequired":true,"valueName":"search_term_string"}}],"inLanguage":"vi"},{"@type":"Organization","@id":"https:\/\/bepthoatran.com\/#organization","name":"B\u00e1nh rau c\u00e2u sinh nh\u1eadt","url":"https:\/\/bepthoatran.com\/","logo":{"@type":"ImageObject","inLanguage":"vi","@id":"https:\/\/bepthoatran.com\/#\/schema\/logo\/image\/","url":"https:\/\/bepthoatran.com\/wp-content\/uploads\/2024\/04\/cropped-cropped-cropped-430656337_795631715921571_8820995996791937526_n.jpg","contentUrl":"https:\/\/bepthoatran.com\/wp-content\/uploads\/2024\/04\/cropped-cropped-cropped-430656337_795631715921571_8820995996791937526_n.jpg","width":958,"height":434,"caption":"B\u00e1nh rau c\u00e2u sinh nh\u1eadt "},"image":{"@id":"https:\/\/bepthoatran.com\/#\/schema\/logo\/image\/"}}]}},"_links":{"self":[{"href":"https:\/\/bepthoatran.com\/index.php?rest_route=\/wp\/v2\/product\/2320","targetHints":{"allow":["GET"]}}],"collection":[{"href":"https:\/\/bepthoatran.com\/index.php?rest_route=\/wp\/v2\/product"}],"about":[{"href":"https:\/\/bepthoatran.com\/index.php?rest_route=\/wp\/v2\/types\/product"}],"replies":[{"embeddable":true,"href":"https:\/\/bepthoatran.com\/index.php?rest_route=%2Fwp%2Fv2%2Fcomments&post=2320"}],"wp:featuredmedia":[{"embeddable":true,"href":"https:\/\/bepthoatran.com\/index.php?rest_route=\/wp\/v2\/media\/2324"}],"wp:attachment":[{"href":"https:\/\/bepthoatran.com\/index.php?rest_route=%2Fwp%2Fv2%2Fmedia&parent=2320"}],"wp:term":[{"taxonomy":"product_brand","embeddable":true,"href":"https:\/\/bepthoatran.com\/index.php?rest_route=%2Fwp%2Fv2%2Fproduct_brand&post=2320"},{"taxonomy":"product_cat","embeddable":true,"href":"https:\/\/bepthoatran.com\/index.php?rest_route=%2Fwp%2Fv2%2Fproduct_cat&post=2320"},{"taxonomy":"product_tag","embeddable":true,"href":"https:\/\/bepthoatran.com\/index.php?rest_route=%2Fwp%2Fv2%2Fproduct_tag&post=2320"}],"curies":[{"name":"wp","href":"https:\/\/api.w.org\/{rel}","templated":true}]}}