{"id":29,"date":"2022-07-20T01:47:30","date_gmt":"2022-07-20T01:47:30","guid":{"rendered":"https:\/\/bepdauphong.site\/?page_id=29"},"modified":"2024-05-08T16:43:48","modified_gmt":"2024-05-08T16:43:48","slug":"lien-he","status":"publish","type":"page","link":"https:\/\/bepthoatran.com\/?page_id=29","title":{"rendered":"Li\u00ean h\u1ec7"},"content":{"rendered":"\n<p>C\u00f4ng ty ch\u00fang t\u00f4i lu\u00f4n h\u01b0\u1edbng \u0111\u1ebfn s\u1ef1 h\u00e0i l\u00f2ng cho kh\u00e1ch h\u00e0ng<\/p>\n\n\n\n<p>Li\u00ean h\u1ec7 ngay v\u1edbi B\u1ebfp Thoa Tr\u1ea7n t\u1ea1i :<\/p>\n\n\n\n<p>\u0110\u1ecba ch\u1ec9 : 385 L\u00ea H\u1ed3ng Phong, Ph\u00fa H\u00f2a, Th\u1ee7 D\u1ea7u M\u1ed9t, B\u00ecnh D\u01b0\u01a1ng<\/p>\n\n\n\n<p>Fanpage : <a href=\"https:\/\/www.facebook.com\/Banhraucausinhnhatnghethuat\">https:\/\/www.facebook.com\/Banhraucausinhnhatnghethuat<\/a><\/p>\n\n\n\n<p>Hotline : 0932052750<\/p>\n","protected":false},"excerpt":{"rendered":"<p>C\u00f4ng ty ch\u00fang t\u00f4i lu\u00f4n h\u01b0\u1edbng \u0111\u1ebfn s\u1ef1 h\u00e0i l\u00f2ng cho kh\u00e1ch h\u00e0ng Li\u00ean h\u1ec7 ngay v\u1edbi B\u1ebfp Thoa Tr\u1ea7n t\u1ea1i : \u0110\u1ecba ch\u1ec9 : 385 L\u00ea H\u1ed3ng Phong, Ph\u00fa H\u00f2a, Th\u1ee7 D\u1ea7u M\u1ed9t, B\u00ecnh &hellip; <\/p>\n","protected":false},"author":1,"featured_media":0,"parent":0,"menu_order":0,"comment_status":"closed","ping_status":"closed","template":"","meta":{"footnotes":""},"class_list":["post-29","page","type-page","status-publish","hentry"],"yoast_head":"<!-- This site is optimized with the Yoast SEO plugin v27.3 - https:\/\/yoast.com\/product\/yoast-seo-wordpress\/ -->\n<title>Li\u00ean h\u1ec7 - B\u00e1nh rau c\u00e2u sinh nh\u1eadt<\/title>\n<meta name=\"robots\" content=\"index, follow, max-snippet:-1, max-image-preview:large, max-video-preview:-1\" \/>\n<link rel=\"canonical\" href=\"https:\/\/bepthoatran.com\/?page_id=29\" \/>\n<meta property=\"og:locale\" content=\"vi_VN\" \/>\n<meta property=\"og:type\" content=\"article\" \/>\n<meta property=\"og:title\" content=\"Li\u00ean h\u1ec7 - B\u00e1nh rau c\u00e2u sinh nh\u1eadt\" \/>\n<meta property=\"og:description\" content=\"C\u00f4ng ty ch\u00fang t\u00f4i lu\u00f4n h\u01b0\u1edbng \u0111\u1ebfn s\u1ef1 h\u00e0i l\u00f2ng cho kh\u00e1ch h\u00e0ng Li\u00ean h\u1ec7 ngay v\u1edbi B\u1ebfp Thoa Tr\u1ea7n t\u1ea1i : \u0110\u1ecba ch\u1ec9 : 385 L\u00ea H\u1ed3ng Phong, Ph\u00fa H\u00f2a, Th\u1ee7 D\u1ea7u M\u1ed9t, B\u00ecnh &hellip;\" \/>\n<meta property=\"og:url\" content=\"https:\/\/bepthoatran.com\/?page_id=29\" \/>\n<meta property=\"og:site_name\" content=\"B\u00e1nh rau c\u00e2u sinh nh\u1eadt\" \/>\n<meta property=\"article:modified_time\" content=\"2024-05-08T16:43:48+00:00\" \/>\n<meta name=\"twitter:card\" content=\"summary_large_image\" \/>\n<meta name=\"twitter:label1\" content=\"\u01af\u1edbc t\u00ednh th\u1eddi gian \u0111\u1ecdc\" \/>\n\t<meta name=\"twitter:data1\" content=\"1 ph\u00fat\" \/>\n<script type=\"application\/ld+json\" class=\"yoast-schema-graph\">{\"@context\":\"https:\\\/\\\/schema.org\",\"@graph\":[{\"@type\":\"WebPage\",\"@id\":\"https:\\\/\\\/bepthoatran.com\\\/?page_id=29\",\"url\":\"https:\\\/\\\/bepthoatran.com\\\/?page_id=29\",\"name\":\"Li\u00ean h\u1ec7 - B\u00e1nh rau c\u00e2u sinh nh\u1eadt\",\"isPartOf\":{\"@id\":\"https:\\\/\\\/bepthoatran.com\\\/#website\"},\"datePublished\":\"2022-07-20T01:47:30+00:00\",\"dateModified\":\"2024-05-08T16:43:48+00:00\",\"breadcrumb\":{\"@id\":\"https:\\\/\\\/bepthoatran.com\\\/?page_id=29#breadcrumb\"},\"inLanguage\":\"vi\",\"potentialAction\":[{\"@type\":\"ReadAction\",\"target\":[\"https:\\\/\\\/bepthoatran.com\\\/?page_id=29\"]}]},{\"@type\":\"BreadcrumbList\",\"@id\":\"https:\\\/\\\/bepthoatran.com\\\/?page_id=29#breadcrumb\",\"itemListElement\":[{\"@type\":\"ListItem\",\"position\":1,\"name\":\"Trang ch\u1ee7\",\"item\":\"https:\\\/\\\/bepthoatran.com\\\/\"},{\"@type\":\"ListItem\",\"position\":2,\"name\":\"Li\u00ean h\u1ec7\"}]},{\"@type\":\"WebSite\",\"@id\":\"https:\\\/\\\/bepthoatran.com\\\/#website\",\"url\":\"https:\\\/\\\/bepthoatran.com\\\/\",\"name\":\"B\u00e1nh rau c\u00e2u sinh nh\u1eadt\",\"description\":\"\u1ea8m th\u1ef1c\",\"publisher\":{\"@id\":\"https:\\\/\\\/bepthoatran.com\\\/#organization\"},\"potentialAction\":[{\"@type\":\"SearchAction\",\"target\":{\"@type\":\"EntryPoint\",\"urlTemplate\":\"https:\\\/\\\/bepthoatran.com\\\/?s={search_term_string}\"},\"query-input\":{\"@type\":\"PropertyValueSpecification\",\"valueRequired\":true,\"valueName\":\"search_term_string\"}}],\"inLanguage\":\"vi\"},{\"@type\":\"Organization\",\"@id\":\"https:\\\/\\\/bepthoatran.com\\\/#organization\",\"name\":\"B\u00e1nh rau c\u00e2u sinh nh\u1eadt\",\"url\":\"https:\\\/\\\/bepthoatran.com\\\/\",\"logo\":{\"@type\":\"ImageObject\",\"inLanguage\":\"vi\",\"@id\":\"https:\\\/\\\/bepthoatran.com\\\/#\\\/schema\\\/logo\\\/image\\\/\",\"url\":\"https:\\\/\\\/bepthoatran.com\\\/wp-content\\\/uploads\\\/2024\\\/04\\\/cropped-cropped-cropped-430656337_795631715921571_8820995996791937526_n.jpg\",\"contentUrl\":\"https:\\\/\\\/bepthoatran.com\\\/wp-content\\\/uploads\\\/2024\\\/04\\\/cropped-cropped-cropped-430656337_795631715921571_8820995996791937526_n.jpg\",\"width\":958,\"height\":434,\"caption\":\"B\u00e1nh rau c\u00e2u sinh nh\u1eadt \"},\"image\":{\"@id\":\"https:\\\/\\\/bepthoatran.com\\\/#\\\/schema\\\/logo\\\/image\\\/\"}}]}<\/script>\n<!-- \/ Yoast SEO plugin. -->","yoast_head_json":{"title":"Li\u00ean h\u1ec7 - B\u00e1nh rau c\u00e2u sinh nh\u1eadt","robots":{"index":"index","follow":"follow","max-snippet":"max-snippet:-1","max-image-preview":"max-image-preview:large","max-video-preview":"max-video-preview:-1"},"canonical":"https:\/\/bepthoatran.com\/?page_id=29","og_locale":"vi_VN","og_type":"article","og_title":"Li\u00ean h\u1ec7 - B\u00e1nh rau c\u00e2u sinh nh\u1eadt","og_description":"C\u00f4ng ty ch\u00fang t\u00f4i lu\u00f4n h\u01b0\u1edbng \u0111\u1ebfn s\u1ef1 h\u00e0i l\u00f2ng cho kh\u00e1ch h\u00e0ng Li\u00ean h\u1ec7 ngay v\u1edbi B\u1ebfp Thoa Tr\u1ea7n t\u1ea1i : \u0110\u1ecba ch\u1ec9 : 385 L\u00ea H\u1ed3ng Phong, Ph\u00fa H\u00f2a, Th\u1ee7 D\u1ea7u M\u1ed9t, B\u00ecnh &hellip;","og_url":"https:\/\/bepthoatran.com\/?page_id=29","og_site_name":"B\u00e1nh rau c\u00e2u sinh nh\u1eadt","article_modified_time":"2024-05-08T16:43:48+00:00","twitter_card":"summary_large_image","twitter_misc":{"\u01af\u1edbc t\u00ednh th\u1eddi gian \u0111\u1ecdc":"1 ph\u00fat"},"schema":{"@context":"https:\/\/schema.org","@graph":[{"@type":"WebPage","@id":"https:\/\/bepthoatran.com\/?page_id=29","url":"https:\/\/bepthoatran.com\/?page_id=29","name":"Li\u00ean h\u1ec7 - B\u00e1nh rau c\u00e2u sinh nh\u1eadt","isPartOf":{"@id":"https:\/\/bepthoatran.com\/#website"},"datePublished":"2022-07-20T01:47:30+00:00","dateModified":"2024-05-08T16:43:48+00:00","breadcrumb":{"@id":"https:\/\/bepthoatran.com\/?page_id=29#breadcrumb"},"inLanguage":"vi","potentialAction":[{"@type":"ReadAction","target":["https:\/\/bepthoatran.com\/?page_id=29"]}]},{"@type":"BreadcrumbList","@id":"https:\/\/bepthoatran.com\/?page_id=29#breadcrumb","itemListElement":[{"@type":"ListItem","position":1,"name":"Trang ch\u1ee7","item":"https:\/\/bepthoatran.com\/"},{"@type":"ListItem","position":2,"name":"Li\u00ean h\u1ec7"}]},{"@type":"WebSite","@id":"https:\/\/bepthoatran.com\/#website","url":"https:\/\/bepthoatran.com\/","name":"B\u00e1nh rau c\u00e2u sinh nh\u1eadt","description":"\u1ea8m th\u1ef1c","publisher":{"@id":"https:\/\/bepthoatran.com\/#organization"},"potentialAction":[{"@type":"SearchAction","target":{"@type":"EntryPoint","urlTemplate":"https:\/\/bepthoatran.com\/?s={search_term_string}"},"query-input":{"@type":"PropertyValueSpecification","valueRequired":true,"valueName":"search_term_string"}}],"inLanguage":"vi"},{"@type":"Organization","@id":"https:\/\/bepthoatran.com\/#organization","name":"B\u00e1nh rau c\u00e2u sinh nh\u1eadt","url":"https:\/\/bepthoatran.com\/","logo":{"@type":"ImageObject","inLanguage":"vi","@id":"https:\/\/bepthoatran.com\/#\/schema\/logo\/image\/","url":"https:\/\/bepthoatran.com\/wp-content\/uploads\/2024\/04\/cropped-cropped-cropped-430656337_795631715921571_8820995996791937526_n.jpg","contentUrl":"https:\/\/bepthoatran.com\/wp-content\/uploads\/2024\/04\/cropped-cropped-cropped-430656337_795631715921571_8820995996791937526_n.jpg","width":958,"height":434,"caption":"B\u00e1nh rau c\u00e2u sinh nh\u1eadt "},"image":{"@id":"https:\/\/bepthoatran.com\/#\/schema\/logo\/image\/"}}]}},"_links":{"self":[{"href":"https:\/\/bepthoatran.com\/index.php?rest_route=\/wp\/v2\/pages\/29","targetHints":{"allow":["GET"]}}],"collection":[{"href":"https:\/\/bepthoatran.com\/index.php?rest_route=\/wp\/v2\/pages"}],"about":[{"href":"https:\/\/bepthoatran.com\/index.php?rest_route=\/wp\/v2\/types\/page"}],"author":[{"embeddable":true,"href":"https:\/\/bepthoatran.com\/index.php?rest_route=\/wp\/v2\/users\/1"}],"replies":[{"embeddable":true,"href":"https:\/\/bepthoatran.com\/index.php?rest_route=%2Fwp%2Fv2%2Fcomments&post=29"}],"version-history":[{"count":5,"href":"https:\/\/bepthoatran.com\/index.php?rest_route=\/wp\/v2\/pages\/29\/revisions"}],"predecessor-version":[{"id":1960,"href":"https:\/\/bepthoatran.com\/index.php?rest_route=\/wp\/v2\/pages\/29\/revisions\/1960"}],"wp:attachment":[{"href":"https:\/\/bepthoatran.com\/index.php?rest_route=%2Fwp%2Fv2%2Fmedia&parent=29"}],"curies":[{"name":"wp","href":"https:\/\/api.w.org\/{rel}","templated":true}]}}